{"id":586,"date":"2023-10-19T12:08:04","date_gmt":"2023-10-19T10:08:04","guid":{"rendered":"https:\/\/www.localsearch.ch\/nos-solutions-pme\/digitalplus\/"},"modified":"2025-03-17T17:10:57","modified_gmt":"2025-03-17T15:10:57","slug":"digitalplus","status":"publish","type":"page","link":"https:\/\/www.localsearch.ch\/fr\/nos-solutions-pme\/digitalplus\/","title":{"rendered":"digitalPLUS \u2013 faites votre publicit\u00e9 l\u00e0 o\u00f9 ont lieu les activit\u00e9s commerciales de la Suisse"},"content":{"rendered":"","protected":false},"excerpt":{"rendered":"","protected":false},"author":1,"featured_media":11010,"parent":572,"menu_order":0,"comment_status":"closed","ping_status":"closed","template":"","meta":{"_acf_changed":false,"inline_featured_image":false,"footnotes":""},"class_list":["post-586","page","type-page","status-publish","has-post-thumbnail","hentry"],"acf":[],"_links":{"self":[{"href":"https:\/\/www.localsearch.ch\/fr\/wp-json\/wp\/v2\/pages\/586","targetHints":{"allow":["GET"]}}],"collection":[{"href":"https:\/\/www.localsearch.ch\/fr\/wp-json\/wp\/v2\/pages"}],"about":[{"href":"https:\/\/www.localsearch.ch\/fr\/wp-json\/wp\/v2\/types\/page"}],"author":[{"embeddable":true,"href":"https:\/\/www.localsearch.ch\/fr\/wp-json\/wp\/v2\/users\/1"}],"replies":[{"embeddable":true,"href":"https:\/\/www.localsearch.ch\/fr\/wp-json\/wp\/v2\/comments?post=586"}],"version-history":[{"count":33,"href":"https:\/\/www.localsearch.ch\/fr\/wp-json\/wp\/v2\/pages\/586\/revisions"}],"predecessor-version":[{"id":20589,"href":"https:\/\/www.localsearch.ch\/fr\/wp-json\/wp\/v2\/pages\/586\/revisions\/20589"}],"up":[{"embeddable":true,"href":"https:\/\/www.localsearch.ch\/fr\/wp-json\/wp\/v2\/pages\/572"}],"wp:featuredmedia":[{"embeddable":true,"href":"https:\/\/www.localsearch.ch\/fr\/wp-json\/wp\/v2\/media\/11010"}],"wp:attachment":[{"href":"https:\/\/www.localsearch.ch\/fr\/wp-json\/wp\/v2\/media?parent=586"}],"curies":[{"name":"wp","href":"https:\/\/api.w.org\/{rel}","templated":true}]}}